{"id":2193,"date":"2025-03-12T15:50:36","date_gmt":"2025-03-12T15:50:36","guid":{"rendered":"https:\/\/wollpaka.de\/pie-de-imprenta\/"},"modified":"2025-04-01T10:05:16","modified_gmt":"2025-04-01T10:05:16","slug":"pie-de-imprenta","status":"publish","type":"page","link":"https:\/\/wollpaka.de\/es\/pie-de-imprenta\/","title":{"rendered":"Pie de imprenta"},"content":{"rendered":"\t\t<div data-elementor-type=\"wp-page\" data-elementor-id=\"2193\" class=\"elementor elementor-2193 elementor-2180\" data-elementor-post-type=\"page\">\n\t\t\t\t<div class=\"elementor-element elementor-element-b7c905e e-flex e-con-boxed e-con e-parent\" data-id=\"b7c905e\" data-element_type=\"container\" data-e-type=\"container\" data-settings=\"{&quot;background_background&quot;:&quot;classic&quot;}\">\n\t\t\t\t\t<div class=\"e-con-inner\">\n\t\t\t\t<div class=\"elementor-element elementor-element-415be0c elementor-widget-divider--view-line_icon elementor-view-default elementor-widget-divider--element-align-center elementor-widget elementor-widget-divider\" data-id=\"415be0c\" data-element_type=\"widget\" data-e-type=\"widget\" data-widget_type=\"divider.default\">\n\t\t\t\t<div class=\"elementor-widget-container\">\n\t\t\t\t\t\t\t<div class=\"elementor-divider\">\n\t\t\t<span class=\"elementor-divider-separator\">\n\t\t\t\t\t\t\t<div class=\"elementor-icon elementor-divider__element\">\n\t\t\t\t\t<svg xmlns=\"http:\/\/www.w3.org\/2000\/svg\" viewBox=\"0 0 64 64\" width=\"128px\" height=\"128px\"><path d=\"M 21 2 C 18.899769 2 17.165035 3.3669699 16.544922 5.234375 C 14.57 5.5635613 13 7.1629552 13 9.1992188 C 13 9.525065 13.076753 9.8231223 13.185547 10.107422 L 9 10 C 9.5185377 11.771074 10.993957 12.909447 13.492188 12.671875 C 13.372935 13.823197 13.261251 14.883924 13.189453 15.316406 A 1.0001 1.0001 0 0 0 13.189453 15.318359 C 12.734146 18.075959 13.805862 20.57363 15.75 22.164062 A 1.0001 1.0001 0 0 0 16.111328 22.529297 C 16.111328 22.529297 16.306714 22.63421 16.599609 22.771484 L 15.857422 39.957031 A 1.0001 1.0001 0 0 0 15.857422 39.970703 C 15.803912 41.789987 16.464688 43.674414 17.570312 45.267578 C 17.717871 45.480204 17.876145 45.685014 18.041016 45.884766 C 17.766163 49.906611 17.378906 59.685547 17.378906 59.685547 L 17.382812 59.640625 C 17.337353 60.172642 17.414392 60.681083 17.685547 61.119141 C 17.956701 61.557198 18.471448 61.885669 19 61.914062 C 20.057105 61.970852 20.827759 61.156778 21.232422 60.076172 L 21.236328 60.0625 L 21.240234 60.048828 C 21.240234 60.048828 23.028567 54.799119 24.191406 50.621094 C 24.320047 50.676793 24.453583 50.723555 24.587891 50.767578 C 24.979791 54.819594 25.746701 59.733652 25.748047 59.742188 C 25.748285 59.743788 25.7497 59.744494 25.75 59.746094 L 25.75 59.75 C 25.83598 60.314453 26.014687 60.800247 26.322266 61.191406 C 26.631428 61.584578 27.103858 61.875432 27.617188 61.912109 C 28.643845 61.985469 29.421668 61.107096 29.603516 60.128906 L 29.609375 60.097656 L 29.613281 60.064453 C 29.613281 60.064453 30.27313 54.474963 30.689453 50.767578 C 31.102632 50.905183 31.535018 51 32 51 C 32.642918 51 33.231005 50.839992 33.775391 50.591797 C 34.148207 53.736633 34.793551 56.642866 34.363281 59.746094 C 34.267456 60.19572 34.2766 60.662316 34.503906 61.095703 C 34.749253 61.563486 35.302521 61.898252 35.816406 61.916016 C 36.844176 61.951546 37.596995 61.244701 38.185547 60.1875 L 38.197266 60.167969 L 38.207031 60.146484 C 39.881304 56.778714 40.07725 53.937265 40.160156 51.490234 C 41.008929 54.303992 41.987738 56.912976 42.066406 59.84375 L 42.070312 59.734375 C 42.028132 60.24488 42.131963 60.748401 42.414062 61.162109 C 42.696165 61.575818 43.183948 61.880063 43.708984 61.914062 C 44.759057 61.982062 45.585606 61.146429 46.003906 59.976562 L 46.021484 59.925781 L 46.035156 59.873047 C 46.800193 56.68696 46.692948 54.104353 46.484375 51.853516 C 46.284986 49.701787 46.02672 47.869121 46.253906 45.96875 C 46.797551 45.336813 47.216296 44.616744 47.523438 43.849609 C 47.694656 43.90331 47.804736 44 48 44 C 50.195455 44 52 42.195455 52 40 L 52 36 C 52 33.804545 50.195455 32 48 32 C 47.655285 32 47.382006 32.163907 47.068359 32.248047 C 45.634816 29.177679 42.603329 27 39 27 C 38.422333 27 37.76955 27.063638 37.146484 27.179688 C 36.527682 27.294944 35.966831 27.427746 35.445312 27.746094 C 35.24091 27.834904 35.054476 27.944631 34.861328 28.046875 C 34.049642 27.444839 33.100029 27 32 27 C 30.840302 27 29.843865 27.491221 29 28.158203 C 28.309206 27.612206 27.505666 27.250471 26.587891 27.132812 L 26.359375 21.839844 C 28.076287 20.292194 29.183368 18.092244 28.884766 15.636719 L 28.886719 15.638672 C 28.826697 15.142557 28.693988 13.824064 28.580078 12.693359 C 31.039722 12.904206 32.485292 11.757519 33 10 L 28.818359 10.107422 C 28.92605 9.8217938 29 9.523823 29 9.1992188 C 29 7.1629551 27.430762 5.5637295 25.455078 5.234375 C 24.835721 3.3672539 23.100231 2 21 2 z M 21 4 C 22.424364 4 23.540639 4.9971585 23.726562 6.25 A 1.0001 1.0001 0 0 0 24.714844 7.1035156 C 24.909282 7.1035156 24.936713 7.0996094 24.769531 7.0996094 C 26.036134 7.0996132 27 8.0503028 27 9.1992188 C 27 9.6443429 26.853881 10.0447 26.59375 10.394531 A 1.0001 1.0001 0 0 0 26.404297 11.109375 C 26.61835 12.919458 26.789459 14.961589 26.900391 15.878906 C 27.137305 17.827152 26.259024 19.604949 24.742188 20.755859 A 1.0001 1.0001 0 0 0 24.347656 21.595703 L 24.626953 28.082031 A 1.0001 1.0001 0 0 0 25.720703 29.033203 C 25.921369 29.013939 26.007417 29 26 29 C 26.894717 29 27.685814 29.403077 28.246094 30.044922 A 1.0001 1.0001 0 0 0 29.753906 30.044922 C 30.314186 29.403077 31.105283 29 32 29 C 32.813333 29 33.53217 29.344304 34.091797 29.90625 A 1.0001 1.0001 0 0 0 35.328125 30.050781 C 35.656584 29.84728 35.992393 29.670613 36.339844 29.527344 A 1.0001 1.0001 0 0 0 36.484375 29.453125 C 36.558805 29.407275 37.014034 29.239183 37.511719 29.146484 C 38.009403 29.053787 38.577667 29 39 29 C 42.073844 29 44.662284 30.974138 45.609375 33.714844 A 1.0001 1.0001 0 0 0 47.041016 34.261719 C 47.345404 34.092222 47.662847 34 48 34 C 49.104545 34 50 34.895455 50 36 L 50 40 C 50 41.098528 49.111867 41.984457 48.015625 41.994141 C 48.012886 41.992295 48.003115 41.984643 48 41.982422 L 48 38 A 1.0001 1.0001 0 0 0 46.984375 36.986328 A 1.0001 1.0001 0 0 0 46 38 L 46 42 A 1.0001 1.0001 0 0 0 46.017578 42.195312 A 1.0001 1.0001 0 0 0 45.976562 42.369141 C 45.862302 43.238908 45.280114 44.208373 44.402344 45.023438 C 43.524573 45.838501 42.371726 46.482005 41.320312 46.769531 A 1.0001 1.0001 0 0 0 40.685547 47.296875 C 40.195733 48.30137 39.181753 49 38 49 C 37.105283 49 36.314186 48.596923 35.753906 47.955078 A 1.0001 1.0001 0 0 0 34.246094 47.955078 C 33.685814 48.596923 32.894717 49 32 49 C 31.105283 49 30.314186 48.596923 29.753906 47.955078 A 1.0001 1.0001 0 0 0 28.246094 47.955078 C 27.685814 48.596923 26.894717 49 26 49 C 24.818247 49 23.804267 48.30137 23.314453 47.296875 A 1.0001 1.0001 0 0 0 22.677734 46.769531 C 21.35078 46.407896 20.101765 45.407789 19.212891 44.126953 C 18.324016 42.846118 17.81993 41.304013 17.857422 40.029297 L 17.855469 40.042969 L 18.572266 23.439453 C 19.242731 23.594078 20.009883 23.708634 20.865234 23.703125 A 1.0001 1.0001 0 1 0 20.853516 21.703125 C 18.684944 21.717093 17.196785 20.847322 17.154297 20.822266 C 15.612151 19.683437 14.79934 17.84167 15.162109 15.644531 C 15.308334 14.76373 15.479065 12.894882 15.662109 11.171875 A 1.0001 1.0001 0 0 0 15.451172 10.445312 C 15.162608 10.08129 15 9.6626882 15 9.1992188 C 15 8.0503028 15.96478 7.0996094 17.230469 7.0996094 C 17.07403 7.0996094 17.080022 7.1054688 17.283203 7.1054688 A 1.0001 1.0001 0 0 0 18.273438 6.2519531 C 18.460213 4.9974795 19.575636 4 21 4 z M 17 11 A 1 1 0 0 0 16 12 A 1 1 0 0 0 17 13 A 1 1 0 0 0 18 12 A 1 1 0 0 0 17 11 z M 25 11 A 1 1 0 0 0 24 12 A 1 1 0 0 0 25 13 A 1 1 0 0 0 26 12 A 1 1 0 0 0 25 11 z M 23.0625 14.982422 A 1.0001 1.0001 0 0 0 22.558594 15.103516 L 20.976562 15.882812 L 19.453125 15.107422 A 1.0001 1.0001 0 0 0 18.970703 14.994141 A 1.0001 1.0001 0 0 0 18.546875 16.892578 L 20 17.628906 L 20 19 A 1.0001 1.0001 0 1 0 22 19 L 22 17.605469 L 23.441406 16.896484 A 1.0001 1.0001 0 0 0 23.0625 14.982422 z M 22 36 A 1.0001 1.0001 0 1 0 22 38 L 24 38 A 1.0001 1.0001 0 1 0 24 36 L 22 36 z M 24.857422 39.193359 A 1.0001 1.0001 0 0 0 24.40625 39.304688 L 22.617188 40.199219 A 1.0001161 1.0001161 0 1 0 23.511719 41.988281 L 25.300781 41.09375 A 1.0001 1.0001 0 0 0 24.857422 39.193359 z M 27.238281 41.539062 A 1.0001 1.0001 0 0 0 26.4375 42.017578 L 25.371094 43.708984 A 1.0001 1.0001 0 1 0 27.0625 44.775391 L 28.128906 43.083984 A 1.0001 1.0001 0 0 0 27.238281 41.539062 z M 19.941406 47.611328 C 20.528013 48.002296 21.16452 48.320225 21.841797 48.542969 C 22.023423 48.837208 22.237923 49.108128 22.46875 49.363281 C 21.384586 53.410123 19.473988 59.016435 19.404297 59.220703 C 19.429879 58.577891 19.701905 51.801028 19.941406 47.611328 z M 44.167969 47.667969 C 44.179112 49.153162 44.356977 50.578249 44.492188 52.037109 C 44.692568 54.199531 44.782024 56.471287 44.097656 59.355469 C 44.031076 59.511753 44.069211 59.456603 44.019531 59.523438 C 43.850078 55.650596 42.445104 52.467591 41.611328 49.255859 C 41.793395 49.044022 41.967018 48.824671 42.117188 48.587891 C 42.820798 48.369255 43.513168 48.055789 44.167969 47.667969 z M 28.763672 50.005859 C 28.390713 53.370598 27.778099 58.545029 27.697266 59.222656 C 27.662816 59.002325 26.99841 54.689333 26.619141 50.935547 C 27.418406 50.811763 28.130649 50.465984 28.763672 50.005859 z M 35.773438 50.361328 C 36.436982 50.744874 37.175095 51 38 51 C 38.059998 51 38.116501 50.988639 38.175781 50.986328 C 38.096368 53.494588 38.005249 56.040936 36.427734 59.228516 C 36.366444 59.334589 36.396381 59.267156 36.337891 59.341797 C 36.65041 56.104772 36.103073 53.189634 35.773438 50.361328 z\"><\/path><\/svg><\/div>\n\t\t\t\t\t\t<\/span>\n\t\t<\/div>\n\t\t\t\t\t\t<\/div>\n\t\t\t\t<\/div>\n\t\t\t\t<div class=\"elementor-element elementor-element-3d42d19 elementor-widget elementor-widget-image-box\" data-id=\"3d42d19\" data-element_type=\"widget\" data-e-type=\"widget\" data-widget_type=\"image-box.default\">\n\t\t\t\t<div class=\"elementor-widget-container\">\n\t\t\t\t\t<div class=\"elementor-image-box-wrapper\"><div class=\"elementor-image-box-content\"><h1 class=\"elementor-image-box-title\">Pie de imprenta<\/h1><\/div><\/div>\t\t\t\t<\/div>\n\t\t\t\t<\/div>\n\t\t\t\t\t<\/div>\n\t\t\t\t<\/div>\n\t\t<div class=\"elementor-element elementor-element-108bcd54 e-flex e-con-boxed e-con e-parent\" data-id=\"108bcd54\" data-element_type=\"container\" data-e-type=\"container\">\n\t\t\t\t\t<div class=\"e-con-inner\">\n\t\t\t\t<div class=\"elementor-element elementor-element-5693b2ab elementor-widget elementor-widget-text-editor\" data-id=\"5693b2ab\" data-element_type=\"widget\" data-e-type=\"widget\" data-widget_type=\"text-editor.default\">\n\t\t\t\t<div class=\"elementor-widget-container\">\n\t\t\t\t\t\t\t\t\t<p>Ron L\u00fcbben<br \/>Berlim Per\u00fa<br \/>Calle Los Tipas 161 Urb. Jardines de Viru &#8211; Bellavista <br \/><span style=\"font-weight: 400;\">Callao &#8211; Per\u00fa<\/span><\/p>\n<h2>Contacta con nosotros<\/h2>\n<p>Tel\u00e9fono: +49 (0) 30 23963650<br \/>Correo electr\u00f3nico: info@wollpaka.com<\/p>\n<h2>Resoluci\u00f3n de litigios en la UE<\/h2>\n<p>La Comisi\u00f3n Europea ofrece una plataforma para la resoluci\u00f3n de litigios en l\u00ednea (OS): <a href=\"https:\/\/ec.europa.eu\/consumers\/odr\/\" target=\"_blank\" rel=\"noopener noreferrer\">https:\/\/ec.europa.eu\/consumers\/odr\/.<\/a><br \/>Puedes encontrar nuestra direcci\u00f3n de correo electr\u00f3nico en el aviso legal anterior.<\/p>\n<h2>Resoluci\u00f3n de litigios de consumo\/centro de arbitraje universal<\/h2>\n<p>No estamos dispuestos ni obligados a participar en procedimientos de resoluci\u00f3n de litigios ante una junta de arbitraje de consumo.<\/p>\n\t\t\t\t\t\t\t\t<\/div>\n\t\t\t\t<\/div>\n\t\t\t\t\t<\/div>\n\t\t\t\t<\/div>\n\t\t\t\t<\/div>\n\t\t","protected":false},"excerpt":{"rendered":"<p>Pie de imprenta Ron L\u00fcbbenBerlim Per\u00faCalle Los Tipas 161 Urb. Jardines de Viru &#8211; Bellavista Callao &#8211; Per\u00fa Contacta con nosotros Tel\u00e9fono: +49 (0) 30 23963650Correo electr\u00f3nico: info@wollpaka.com Resoluci\u00f3n de litigios en la UE La Comisi\u00f3n Europea ofrece una plataforma para la resoluci\u00f3n de litigios en l\u00ednea (OS): https:\/\/ec.europa.eu\/consumers\/odr\/.Puedes encontrar nuestra direcci\u00f3n de correo electr\u00f3nico [&hellip;]<\/p>\n","protected":false},"author":1,"featured_media":0,"parent":0,"menu_order":0,"comment_status":"closed","ping_status":"closed","template":"","meta":{"_acf_changed":false,"site-sidebar-layout":"default","site-content-layout":"","ast-site-content-layout":"full-width-container","site-content-style":"default","site-sidebar-style":"default","ast-global-header-display":"","ast-banner-title-visibility":"","ast-main-header-display":"","ast-hfb-above-header-display":"","ast-hfb-below-header-display":"","ast-hfb-mobile-header-display":"","site-post-title":"","ast-breadcrumbs-content":"","ast-featured-img":"","footer-sml-layout":"","theme-transparent-header-meta":"default","adv-header-id-meta":"","stick-header-meta":"","header-above-stick-meta":"","header-main-stick-meta":"","header-below-stick-meta":"","astra-migrate-meta-layouts":"default","ast-page-background-enabled":"default","ast-page-background-meta":{"desktop":{"background-color":"var(--ast-global-color-4)","background-image":"","background-repeat":"repeat","background-position":"center center","background-size":"auto","background-attachment":"scroll","background-type":"","background-media":"","overlay-type":"","overlay-color":"","overlay-opacity":"","overlay-gradient":""},"tablet":{"background-color":"","background-image":"","background-repeat":"repeat","background-position":"center center","background-size":"auto","background-attachment":"scroll","background-type":"","background-media":"","overlay-type":"","overlay-color":"","overlay-opacity":"","overlay-gradient":""},"mobile":{"background-color":"","background-image":"","background-repeat":"repeat","background-position":"center center","background-size":"auto","background-attachment":"scroll","background-type":"","background-media":"","overlay-type":"","overlay-color":"","overlay-opacity":"","overlay-gradient":""}},"ast-content-background-meta":{"desktop":{"background-color":"var(--ast-global-color-5)","background-image":"","background-repeat":"repeat","background-position":"center center","background-size":"auto","background-attachment":"scroll","background-type":"","background-media":"","overlay-type":"","overlay-color":"","overlay-opacity":"","overlay-gradient":""},"tablet":{"background-color":"var(--ast-global-color-5)","background-image":"","background-repeat":"repeat","background-position":"center center","background-size":"auto","background-attachment":"scroll","background-type":"","background-media":"","overlay-type":"","overlay-color":"","overlay-opacity":"","overlay-gradient":""},"mobile":{"background-color":"var(--ast-global-color-5)","background-image":"","background-repeat":"repeat","background-position":"center center","background-size":"auto","background-attachment":"scroll","background-type":"","background-media":"","overlay-type":"","overlay-color":"","overlay-opacity":"","overlay-gradient":""}},"footnotes":""},"class_list":["post-2193","page","type-page","status-publish","hentry"],"acf":[],"_links":{"self":[{"href":"https:\/\/wollpaka.de\/es\/wp-json\/wp\/v2\/pages\/2193","targetHints":{"allow":["GET"]}}],"collection":[{"href":"https:\/\/wollpaka.de\/es\/wp-json\/wp\/v2\/pages"}],"about":[{"href":"https:\/\/wollpaka.de\/es\/wp-json\/wp\/v2\/types\/page"}],"author":[{"embeddable":true,"href":"https:\/\/wollpaka.de\/es\/wp-json\/wp\/v2\/users\/1"}],"replies":[{"embeddable":true,"href":"https:\/\/wollpaka.de\/es\/wp-json\/wp\/v2\/comments?post=2193"}],"version-history":[{"count":2,"href":"https:\/\/wollpaka.de\/es\/wp-json\/wp\/v2\/pages\/2193\/revisions"}],"predecessor-version":[{"id":3078,"href":"https:\/\/wollpaka.de\/es\/wp-json\/wp\/v2\/pages\/2193\/revisions\/3078"}],"wp:attachment":[{"href":"https:\/\/wollpaka.de\/es\/wp-json\/wp\/v2\/media?parent=2193"}],"curies":[{"name":"wp","href":"https:\/\/api.w.org\/{rel}","templated":true}]}}